{"id":6236,"date":"2022-08-26T15:38:25","date_gmt":"2022-08-26T13:38:25","guid":{"rendered":"https:\/\/www.spac83.com\/?page_id=6236"},"modified":"2023-10-13T09:26:54","modified_gmt":"2023-10-13T07:26:54","slug":"coffrets","status":"publish","type":"page","link":"https:\/\/www.spac83.com\/index.php\/coffrets\/","title":{"rendered":"Coffrets porte-cl\u00e9s + \u00e9tuis"},"content":{"rendered":"[vc_row type=\u00a0\u00bbfull_width_background\u00a0\u00bb full_screen_row_position=\u00a0\u00bbmiddle\u00a0\u00bb column_margin=\u00a0\u00bbdefault\u00a0\u00bb column_direction=\u00a0\u00bbdefault\u00a0\u00bb column_direction_tablet=\u00a0\u00bbdefault\u00a0\u00bb column_direction_phone=\u00a0\u00bbdefault\u00a0\u00bb scene_position=\u00a0\u00bbcenter\u00a0\u00bb top_padding=\u00a0\u00bb12%\u00a0\u00bb text_color=\u00a0\u00bbdark\u00a0\u00bb text_align=\u00a0\u00bbleft\u00a0\u00bb row_border_radius=\u00a0\u00bbnone\u00a0\u00bb row_border_radius_applies=\u00a0\u00bbbg\u00a0\u00bb id=\u00a0\u00bbtestimonials\u00a0\u00bb overlay_strength=\u00a0\u00bb0.3&Prime; gradient_direction=\u00a0\u00bbleft_to_right\u00a0\u00bb shape_divider_position=\u00a0\u00bbbottom\u00a0\u00bb bg_image_animation=\u00a0\u00bbnone\u00a0\u00bb shape_type=\u00a0\u00bb\u00a0\u00bb][vc_column column_padding=\u00a0\u00bbno-extra-padding\u00a0\u00bb column_padding_tablet=\u00a0\u00bbinherit\u00a0\u00bb column_padding_phone=\u00a0\u00bbinherit\u00a0\u00bb column_padding_position=\u00a0\u00bball\u00a0\u00bb column_element_spacing=\u00a0\u00bbdefault\u00a0\u00bb background_color_opacity=\u00a0\u00bb1&Prime; background_hover_color_opacity=\u00a0\u00bb1&Prime; column_shadow=\u00a0\u00bbnone\u00a0\u00bb column_border_radius=\u00a0\u00bbnone\u00a0\u00bb column_link_target=\u00a0\u00bb_self\u00a0\u00bb gradient_direction=\u00a0\u00bbleft_to_right\u00a0\u00bb overlay_strength=\u00a0\u00bb0.3&Prime; width=\u00a0\u00bb1\/1&Prime; tablet_width_inherit=\u00a0\u00bbdefault\u00a0\u00bb tablet_text_alignment=\u00a0\u00bbdefault\u00a0\u00bb phone_text_alignment=\u00a0\u00bbdefault\u00a0\u00bb bg_image_animation=\u00a0\u00bbnone\u00a0\u00bb border_type=\u00a0\u00bbsimple\u00a0\u00bb column_border_width=\u00a0\u00bbnone\u00a0\u00bb column_border_style=\u00a0\u00bbsolid\u00a0\u00bb][vc_row_inner column_margin=\u00a0\u00bbdefault\u00a0\u00bb column_direction=\u00a0\u00bbdefault\u00a0\u00bb column_direction_tablet=\u00a0\u00bbdefault\u00a0\u00bb column_direction_phone=\u00a0\u00bbdefault\u00a0\u00bb bottom_padding=\u00a0\u00bb3%\u00a0\u00bb text_align=\u00a0\u00bbleft\u00a0\u00bb][vc_column_inner column_padding=\u00a0\u00bbno-extra-padding\u00a0\u00bb column_padding_tablet=\u00a0\u00bbinherit\u00a0\u00bb column_padding_phone=\u00a0\u00bbinherit\u00a0\u00bb column_padding_position=\u00a0\u00bbtop\u00a0\u00bb column_element_spacing=\u00a0\u00bbdefault\u00a0\u00bb background_color_opacity=\u00a0\u00bb1&Prime; background_hover_color_opacity=\u00a0\u00bb1&Prime; column_shadow=\u00a0\u00bbnone\u00a0\u00bb column_border_radius=\u00a0\u00bbnone\u00a0\u00bb column_link_target=\u00a0\u00bb_self\u00a0\u00bb gradient_direction=\u00a0\u00bbleft_to_right\u00a0\u00bb overlay_strength=\u00a0\u00bb0.3&Prime; width=\u00a0\u00bb1\/1&Prime; tablet_width_inherit=\u00a0\u00bbdefault\u00a0\u00bb bg_image_animation=\u00a0\u00bbnone\u00a0\u00bb border_type=\u00a0\u00bbsimple\u00a0\u00bb column_border_width=\u00a0\u00bbnone\u00a0\u00bb column_border_style=\u00a0\u00bbsolid\u00a0\u00bb][split_line_heading animation_type=\u00a0\u00bbline-reveal-by-space\u00a0\u00bb font_style=\u00a0\u00bbh2&Prime; content_alignment=\u00a0\u00bbdefault\u00a0\u00bb mobile_content_alignment=\u00a0\u00bbinherit\u00a0\u00bb max_width=\u00a0\u00bb1200&Prime; text_content=\u00a0\u00bbChangez de dimension !\u00a0\u00bb][\/split_line_heading][split_line_heading animation_type=\u00a0\u00bbline-reveal-by-space\u00a0\u00bb font_style=\u00a0\u00bbh3&Prime; content_alignment=\u00a0\u00bbdefault\u00a0\u00bb mobile_content_alignment=\u00a0\u00bbinherit\u00a0\u00bb text_content=\u00a0\u00bbOffrez un coffret marqu\u00e9 \u00e0 votre nom\u00a0\u00bb]Offrez un coffret marqu\u00e9 \u00e0 votre nom[\/split_line_heading][divider line_type=\u00a0\u00bbNo Line\u00a0\u00bb custom_height=\u00a0\u00bb50&Prime; custom_height_tablet=\u00a0\u00bb50&Prime; custom_height_phone=\u00a0\u00bb30&Prime;][vc_column_text css_animation=\u00a0\u00bbbounceInDown\u00a0\u00bb]Nous vous proposons d&rsquo;upgrader votre livraison de voiture.<\/p>\n<p>Tout est possible ou presque. Votre coffret de livraison sera unique. Comme votre client&#8230;[\/vc_column_text][divider line_type=\u00a0\u00bbNo Line\u00a0\u00bb custom_height=\u00a0\u00bb30&Prime; custom_height_tablet=\u00a0\u00bb30&Prime; custom_height_phone=\u00a0\u00bb30&Prime;][vc_column_text css_animation=\u00a0\u00bbbounceInDown\u00a0\u00bb]De nombreux mod\u00e8les diff\u00e9rents de porte-cl\u00e9s. De nombreuses pochettes carte grise diff\u00e9rentes. A vous de choisir&#8230;<\/p>\n<p>Et nous pouvons livrer de toutes petites s\u00e9ries&#8230;[\/vc_column_text][\/vc_column_inner][\/vc_row_inner][nectar_btn size=\u00a0\u00bbjumbo\u00a0\u00bb button_style=\u00a0\u00bbregular\u00a0\u00bb button_color_2=\u00a0\u00bbAccent-Color\u00a0\u00bb solid_text_color_override=\u00a0\u00bb#ff0000&Prime; icon_family=\u00a0\u00bbnone\u00a0\u00bb text=\u00a0\u00bbContactez-nous !\u00a0\u00bb url=\u00a0\u00bbmailto: spac83@orange.fr\u00a0\u00bb css_animation=\u00a0\u00bbshake\u00a0\u00bb][\/vc_column][\/vc_row][vc_row type=\u00a0\u00bbfull_width_background\u00a0\u00bb full_screen_row_position=\u00a0\u00bbmiddle\u00a0\u00bb column_margin=\u00a0\u00bbdefault\u00a0\u00bb column_direction=\u00a0\u00bbdefault\u00a0\u00bb column_direction_tablet=\u00a0\u00bbdefault\u00a0\u00bb column_direction_phone=\u00a0\u00bbdefault\u00a0\u00bb bg_color=\u00a0\u00bb#ffffff\u00a0\u00bb scene_position=\u00a0\u00bbcenter\u00a0\u00bb bottom_padding=\u00a0\u00bb12%\u00a0\u00bb text_color=\u00a0\u00bbdark\u00a0\u00bb text_align=\u00a0\u00bbleft\u00a0\u00bb row_border_radius=\u00a0\u00bbnone\u00a0\u00bb row_border_radius_applies=\u00a0\u00bbbg\u00a0\u00bb id=\u00a0\u00bbimpact\u00a0\u00bb overlay_strength=\u00a0\u00bb0.3&Prime; gradient_direction=\u00a0\u00bbleft_to_right\u00a0\u00bb shape_divider_position=\u00a0\u00bbbottom\u00a0\u00bb bg_image_animation=\u00a0\u00bbnone\u00a0\u00bb shape_type=\u00a0\u00bb\u00a0\u00bb][vc_column column_padding=\u00a0\u00bbno-extra-padding\u00a0\u00bb column_padding_tablet=\u00a0\u00bbinherit\u00a0\u00bb column_padding_phone=\u00a0\u00bbinherit\u00a0\u00bb column_padding_position=\u00a0\u00bball\u00a0\u00bb column_element_spacing=\u00a0\u00bbdefault\u00a0\u00bb background_color_opacity=\u00a0\u00bb1&Prime; background_hover_color_opacity=\u00a0\u00bb1&Prime; column_shadow=\u00a0\u00bbnone\u00a0\u00bb column_border_radius=\u00a0\u00bbnone\u00a0\u00bb column_link_target=\u00a0\u00bb_self\u00a0\u00bb gradient_direction=\u00a0\u00bbleft_to_right\u00a0\u00bb overlay_strength=\u00a0\u00bb0.3&Prime; width=\u00a0\u00bb1\/1&Prime; tablet_width_inherit=\u00a0\u00bbdefault\u00a0\u00bb tablet_text_alignment=\u00a0\u00bbdefault\u00a0\u00bb phone_text_alignment=\u00a0\u00bbdefault\u00a0\u00bb bg_image_animation=\u00a0\u00bbnone\u00a0\u00bb border_type=\u00a0\u00bbsimple\u00a0\u00bb column_border_width=\u00a0\u00bbnone\u00a0\u00bb column_border_style=\u00a0\u00bbsolid\u00a0\u00bb][carousel script=\u00a0\u00bbflickity\u00a0\u00bb flickity_formatting=\u00a0\u00bbdefault\u00a0\u00bb desktop_cols_flickity=\u00a0\u00bb3&Prime; desktop_small_cols_flickity=\u00a0\u00bb3&Prime; tablet_cols_flickity=\u00a0\u00bb2&Prime; flickity_controls=\u00a0\u00bbtouch_total\u00a0\u00bb flickity_touch_total_icon_color=\u00a0\u00bbdefault\u00a0\u00bb color=\u00a0\u00bbdefault\u00a0\u00bb flickity_overflow=\u00a0\u00bbvisible\u00a0\u00bb flickity_wrap_around=\u00a0\u00bbno-wrap\u00a0\u00bb flickity_spacing=\u00a0\u00bbdefault\u00a0\u00bb column_padding=\u00a0\u00bb0&Prime; flickity_element_spacing=\u00a0\u00bbdefault\u00a0\u00bb flickity_image_scale_on_drag=\u00a0\u00bbtrue\u00a0\u00bb border_radius=\u00a0\u00bbnone\u00a0\u00bb][item simple_slider_bg_image_position=\u00a0\u00bbdefault\u00a0\u00bb simple_slider_overlay_strength=\u00a0\u00bb0.3&Prime; id=\u00a0\u00bb1663521963038-8&Prime; title=\u00a0\u00bbItem\u00a0\u00bb tab_id=\u00a0\u00bb1663521963039-0&Prime;][fancy_box box_style=\u00a0\u00bbcolor_box_basic\u00a0\u00bb icon_family=\u00a0\u00bbnone\u00a0\u00bb image_url=\u00a0\u00bb6240&Prime; box_color_opacity=\u00a0\u00bb0&Prime; box_alignment=\u00a0\u00bbleft\u00a0\u00bb border_radius=\u00a0\u00bbdefault\u00a0\u00bb image_loading=\u00a0\u00bblazy-load\u00a0\u00bb color_scheme=\u00a0\u00bbdark\u00a0\u00bb secondary_content=\u00a0\u00bbhere&rsquo;s some awesome text that would only be shown on hover\u00a0\u00bb min_height=\u00a0\u00bb450&Prime;][\/fancy_box][\/item][item simple_slider_bg_image_position=\u00a0\u00bbdefault\u00a0\u00bb simple_slider_overlay_strength=\u00a0\u00bb0.3&Prime; id=\u00a0\u00bb1663521963061-4&Prime; title=\u00a0\u00bbItem\u00a0\u00bb tab_id=\u00a0\u00bb1663521963062-8&Prime;][fancy_box box_style=\u00a0\u00bbcolor_box_basic\u00a0\u00bb icon_family=\u00a0\u00bbnone\u00a0\u00bb image_url=\u00a0\u00bb6246&Prime; box_color_opacity=\u00a0\u00bb0&Prime; box_alignment=\u00a0\u00bbleft\u00a0\u00bb border_radius=\u00a0\u00bbdefault\u00a0\u00bb image_loading=\u00a0\u00bblazy-load\u00a0\u00bb color_scheme=\u00a0\u00bbdark\u00a0\u00bb secondary_content=\u00a0\u00bbhere&rsquo;s some awesome text that would only be shown on hover\u00a0\u00bb min_height=\u00a0\u00bb450&Prime;][\/fancy_box][\/item][item simple_slider_bg_image_position=\u00a0\u00bbdefault\u00a0\u00bb simple_slider_overlay_strength=\u00a0\u00bb0.3&Prime; id=\u00a0\u00bb1663521963075-10&Prime; title=\u00a0\u00bbItem\u00a0\u00bb tab_id=\u00a0\u00bb1663521963076-10&Prime;][fancy_box box_style=\u00a0\u00bbcolor_box_basic\u00a0\u00bb icon_family=\u00a0\u00bbnone\u00a0\u00bb image_url=\u00a0\u00bb6255&Prime; box_color_opacity=\u00a0\u00bb0&Prime; box_alignment=\u00a0\u00bbleft\u00a0\u00bb border_radius=\u00a0\u00bbdefault\u00a0\u00bb image_loading=\u00a0\u00bblazy-load\u00a0\u00bb color_scheme=\u00a0\u00bbdark\u00a0\u00bb secondary_content=\u00a0\u00bbhere&rsquo;s some awesome text that would only be shown on hover\u00a0\u00bb min_height=\u00a0\u00bb450&Prime;][\/fancy_box][\/item][item simple_slider_bg_image_position=\u00a0\u00bbdefault\u00a0\u00bb simple_slider_overlay_strength=\u00a0\u00bb0.3&Prime; title=\u00a0\u00bb\u00c9l\u00e9ment\u00a0\u00bb id=\u00a0\u00bb1663521963089-3&Prime; tab_id=\u00a0\u00bb1663521963089-2&Prime;][fancy_box box_style=\u00a0\u00bbcolor_box_basic\u00a0\u00bb icon_family=\u00a0\u00bbnone\u00a0\u00bb image_url=\u00a0\u00bb6400&Prime; box_color_opacity=\u00a0\u00bb0&Prime; box_alignment=\u00a0\u00bbleft\u00a0\u00bb border_radius=\u00a0\u00bbdefault\u00a0\u00bb image_loading=\u00a0\u00bbdefault\u00a0\u00bb min_height=\u00a0\u00bb450&Prime;][\/fancy_box][\/item][\/carousel][carousel script=\u00a0\u00bbflickity\u00a0\u00bb flickity_formatting=\u00a0\u00bbdefault\u00a0\u00bb desktop_cols_flickity=\u00a0\u00bb3&Prime; desktop_small_cols_flickity=\u00a0\u00bb3&Prime; tablet_cols_flickity=\u00a0\u00bb2&Prime; flickity_controls=\u00a0\u00bbtouch_total\u00a0\u00bb flickity_touch_total_icon_color=\u00a0\u00bbdefault\u00a0\u00bb color=\u00a0\u00bbdefault\u00a0\u00bb flickity_overflow=\u00a0\u00bbvisible\u00a0\u00bb flickity_wrap_around=\u00a0\u00bbno-wrap\u00a0\u00bb flickity_spacing=\u00a0\u00bbdefault\u00a0\u00bb column_padding=\u00a0\u00bb0&Prime; flickity_element_spacing=\u00a0\u00bbdefault\u00a0\u00bb flickity_image_scale_on_drag=\u00a0\u00bbtrue\u00a0\u00bb border_radius=\u00a0\u00bbnone\u00a0\u00bb][item simple_slider_bg_image_position=\u00a0\u00bbdefault\u00a0\u00bb simple_slider_overlay_strength=\u00a0\u00bb0.3&Prime; id=\u00a0\u00bb1663521963113-3&Prime; title=\u00a0\u00bbItem\u00a0\u00bb tab_id=\u00a0\u00bb1663521963114-8&Prime;][fancy_box box_style=\u00a0\u00bbcolor_box_basic\u00a0\u00bb icon_family=\u00a0\u00bbnone\u00a0\u00bb image_url=\u00a0\u00bb6248&Prime; box_color_opacity=\u00a0\u00bb0&Prime; box_alignment=\u00a0\u00bbleft\u00a0\u00bb border_radius=\u00a0\u00bbdefault\u00a0\u00bb image_loading=\u00a0\u00bblazy-load\u00a0\u00bb color_scheme=\u00a0\u00bbdark\u00a0\u00bb secondary_content=\u00a0\u00bbhere&rsquo;s some awesome text that would only be shown on hover\u00a0\u00bb min_height=\u00a0\u00bb450&Prime;][\/fancy_box][\/item][item simple_slider_bg_image_position=\u00a0\u00bbdefault\u00a0\u00bb simple_slider_overlay_strength=\u00a0\u00bb0.3&Prime; title=\u00a0\u00bb\u00c9l\u00e9ment\u00a0\u00bb id=\u00a0\u00bb1663521963131-9&Prime; tab_id=\u00a0\u00bb1663521963131-9&Prime;][fancy_box box_style=\u00a0\u00bbcolor_box_basic\u00a0\u00bb icon_family=\u00a0\u00bbnone\u00a0\u00bb image_url=\u00a0\u00bb6162&Prime; box_color_opacity=\u00a0\u00bb0&Prime; box_alignment=\u00a0\u00bbleft\u00a0\u00bb border_radius=\u00a0\u00bbdefault\u00a0\u00bb image_loading=\u00a0\u00bbdefault\u00a0\u00bb min_height=\u00a0\u00bb450&Prime;][\/fancy_box][\/item][item simple_slider_bg_image_position=\u00a0\u00bbdefault\u00a0\u00bb simple_slider_overlay_strength=\u00a0\u00bb0.3&Prime; title=\u00a0\u00bb\u00c9l\u00e9ment\u00a0\u00bb id=\u00a0\u00bb1663521963146-7&Prime; tab_id=\u00a0\u00bb1663521963147-9&Prime;][fancy_box box_style=\u00a0\u00bbcolor_box_basic\u00a0\u00bb icon_family=\u00a0\u00bbnone\u00a0\u00bb image_url=\u00a0\u00bb6402&Prime; box_color_opacity=\u00a0\u00bb0&Prime; box_alignment=\u00a0\u00bbleft\u00a0\u00bb border_radius=\u00a0\u00bbdefault\u00a0\u00bb image_loading=\u00a0\u00bbdefault\u00a0\u00bb min_height=\u00a0\u00bb450&Prime;][\/fancy_box][\/item][item simple_slider_bg_image_position=\u00a0\u00bbdefault\u00a0\u00bb simple_slider_overlay_strength=\u00a0\u00bb0.3&Prime; title=\u00a0\u00bb\u00c9l\u00e9ment\u00a0\u00bb id=\u00a0\u00bb1663521963158-4&Prime; tab_id=\u00a0\u00bb1663521963159-0&Prime;][fancy_box box_style=\u00a0\u00bbcolor_box_basic\u00a0\u00bb icon_family=\u00a0\u00bbnone\u00a0\u00bb image_url=\u00a0\u00bb6405&Prime; box_color_opacity=\u00a0\u00bb0&Prime; box_alignment=\u00a0\u00bbleft\u00a0\u00bb border_radius=\u00a0\u00bbdefault\u00a0\u00bb image_loading=\u00a0\u00bbdefault\u00a0\u00bb min_height=\u00a0\u00bb450&Prime;][\/fancy_box][\/item][\/carousel][carousel script=\u00a0\u00bbflickity\u00a0\u00bb flickity_formatting=\u00a0\u00bbdefault\u00a0\u00bb desktop_cols_flickity=\u00a0\u00bb3&Prime; desktop_small_cols_flickity=\u00a0\u00bb3&Prime; tablet_cols_flickity=\u00a0\u00bb2&Prime; flickity_controls=\u00a0\u00bbtouch_total\u00a0\u00bb flickity_touch_total_icon_color=\u00a0\u00bbdefault\u00a0\u00bb color=\u00a0\u00bbdefault\u00a0\u00bb flickity_overflow=\u00a0\u00bbvisible\u00a0\u00bb flickity_wrap_around=\u00a0\u00bbno-wrap\u00a0\u00bb flickity_spacing=\u00a0\u00bbdefault\u00a0\u00bb column_padding=\u00a0\u00bb0&Prime; flickity_element_spacing=\u00a0\u00bbdefault\u00a0\u00bb flickity_image_scale_on_drag=\u00a0\u00bbtrue\u00a0\u00bb border_radius=\u00a0\u00bbnone\u00a0\u00bb][item simple_slider_bg_image_position=\u00a0\u00bbdefault\u00a0\u00bb simple_slider_overlay_strength=\u00a0\u00bb0.3&Prime; id=\u00a0\u00bb1663521963180-6&Prime; title=\u00a0\u00bbItem\u00a0\u00bb tab_id=\u00a0\u00bb1663521963181-7&Prime;][fancy_box box_style=\u00a0\u00bbcolor_box_basic\u00a0\u00bb icon_family=\u00a0\u00bbnone\u00a0\u00bb image_url=\u00a0\u00bb6172&Prime; box_color_opacity=\u00a0\u00bb0&Prime; box_alignment=\u00a0\u00bbleft\u00a0\u00bb border_radius=\u00a0\u00bbdefault\u00a0\u00bb image_loading=\u00a0\u00bblazy-load\u00a0\u00bb color_scheme=\u00a0\u00bbdark\u00a0\u00bb secondary_content=\u00a0\u00bbhere&rsquo;s some awesome text that would only be shown on hover\u00a0\u00bb min_height=\u00a0\u00bb450&Prime;][\/fancy_box][\/item][item simple_slider_bg_image_position=\u00a0\u00bbdefault\u00a0\u00bb simple_slider_overlay_strength=\u00a0\u00bb0.3&Prime; title=\u00a0\u00bb\u00c9l\u00e9ment\u00a0\u00bb id=\u00a0\u00bb1663521963197-8&Prime; tab_id=\u00a0\u00bb1663521963198-4&Prime;][fancy_box box_style=\u00a0\u00bbcolor_box_basic\u00a0\u00bb icon_family=\u00a0\u00bbnone\u00a0\u00bb image_url=\u00a0\u00bb6401&Prime; box_color_opacity=\u00a0\u00bb0&Prime; box_alignment=\u00a0\u00bbleft\u00a0\u00bb border_radius=\u00a0\u00bbdefault\u00a0\u00bb image_loading=\u00a0\u00bbdefault\u00a0\u00bb min_height=\u00a0\u00bb450&Prime;][\/fancy_box][\/item][item simple_slider_bg_image_position=\u00a0\u00bbdefault\u00a0\u00bb simple_slider_overlay_strength=\u00a0\u00bb0.3&Prime; title=\u00a0\u00bb\u00c9l\u00e9ment\u00a0\u00bb id=\u00a0\u00bb1663521963214-7&Prime; tab_id=\u00a0\u00bb1663521963214-0&Prime;][fancy_box box_style=\u00a0\u00bbcolor_box_basic\u00a0\u00bb icon_family=\u00a0\u00bbnone\u00a0\u00bb image_url=\u00a0\u00bb6412&Prime; box_color_opacity=\u00a0\u00bb0&Prime; box_alignment=\u00a0\u00bbleft\u00a0\u00bb border_radius=\u00a0\u00bbdefault\u00a0\u00bb image_loading=\u00a0\u00bbdefault\u00a0\u00bb min_height=\u00a0\u00bb450&Prime;][\/fancy_box][\/item][item simple_slider_bg_image_position=\u00a0\u00bbdefault\u00a0\u00bb simple_slider_overlay_strength=\u00a0\u00bb0.3&Prime; title=\u00a0\u00bb\u00c9l\u00e9ment\u00a0\u00bb id=\u00a0\u00bb1663521963230-5&Prime; tab_id=\u00a0\u00bb1663521963230-3&Prime;][fancy_box box_style=\u00a0\u00bbcolor_box_basic\u00a0\u00bb icon_family=\u00a0\u00bbnone\u00a0\u00bb image_url=\u00a0\u00bb6411&Prime; box_color_opacity=\u00a0\u00bb0&Prime; box_alignment=\u00a0\u00bbleft\u00a0\u00bb border_radius=\u00a0\u00bbdefault\u00a0\u00bb image_loading=\u00a0\u00bbdefault\u00a0\u00bb min_height=\u00a0\u00bb450&Prime;][\/fancy_box][\/item][\/carousel][carousel script=\u00a0\u00bbflickity\u00a0\u00bb flickity_formatting=\u00a0\u00bbdefault\u00a0\u00bb desktop_cols_flickity=\u00a0\u00bb3&Prime; desktop_small_cols_flickity=\u00a0\u00bb3&Prime; tablet_cols_flickity=\u00a0\u00bb2&Prime; flickity_controls=\u00a0\u00bbtouch_total\u00a0\u00bb flickity_touch_total_icon_color=\u00a0\u00bbdefault\u00a0\u00bb color=\u00a0\u00bbdefault\u00a0\u00bb flickity_overflow=\u00a0\u00bbvisible\u00a0\u00bb flickity_wrap_around=\u00a0\u00bbno-wrap\u00a0\u00bb flickity_spacing=\u00a0\u00bbdefault\u00a0\u00bb column_padding=\u00a0\u00bb0&Prime; flickity_element_spacing=\u00a0\u00bbdefault\u00a0\u00bb flickity_image_scale_on_drag=\u00a0\u00bbtrue\u00a0\u00bb border_radius=\u00a0\u00bbnone\u00a0\u00bb][item simple_slider_bg_image_position=\u00a0\u00bbdefault\u00a0\u00bb simple_slider_overlay_strength=\u00a0\u00bb0.3&Prime; id=\u00a0\u00bb1663521963255-0&Prime; title=\u00a0\u00bbItem\u00a0\u00bb tab_id=\u00a0\u00bb1663521963255-6&Prime;][fancy_box box_style=\u00a0\u00bbcolor_box_basic\u00a0\u00bb icon_family=\u00a0\u00bbnone\u00a0\u00bb image_url=\u00a0\u00bb6675&Prime; box_color_opacity=\u00a0\u00bb0&Prime; box_alignment=\u00a0\u00bbleft\u00a0\u00bb border_radius=\u00a0\u00bbdefault\u00a0\u00bb image_loading=\u00a0\u00bblazy-load\u00a0\u00bb color_scheme=\u00a0\u00bbdark\u00a0\u00bb secondary_content=\u00a0\u00bbhere&rsquo;s some awesome text that would only be shown on hover\u00a0\u00bb min_height=\u00a0\u00bb450&Prime;][\/fancy_box][\/item][item simple_slider_bg_image_position=\u00a0\u00bbdefault\u00a0\u00bb simple_slider_overlay_strength=\u00a0\u00bb0.3&Prime; id=\u00a0\u00bb1663521963270-4&Prime; title=\u00a0\u00bbItem\u00a0\u00bb tab_id=\u00a0\u00bb1663521963271-4&Prime;][fancy_box box_style=\u00a0\u00bbcolor_box_basic\u00a0\u00bb icon_family=\u00a0\u00bbnone\u00a0\u00bb image_url=\u00a0\u00bb6250&Prime; box_color_opacity=\u00a0\u00bb0&Prime; box_alignment=\u00a0\u00bbleft\u00a0\u00bb border_radius=\u00a0\u00bbdefault\u00a0\u00bb image_loading=\u00a0\u00bblazy-load\u00a0\u00bb color_scheme=\u00a0\u00bbdark\u00a0\u00bb secondary_content=\u00a0\u00bbhere&rsquo;s some awesome text that would only be shown on hover\u00a0\u00bb min_height=\u00a0\u00bb450&Prime;][\/fancy_box][\/item][item simple_slider_bg_image_position=\u00a0\u00bbdefault\u00a0\u00bb simple_slider_overlay_strength=\u00a0\u00bb0.3&Prime; title=\u00a0\u00bb\u00c9l\u00e9ment\u00a0\u00bb id=\u00a0\u00bb1663521963282-4&Prime; tab_id=\u00a0\u00bb1663521963282-9&Prime;][fancy_box box_style=\u00a0\u00bbcolor_box_basic\u00a0\u00bb icon_family=\u00a0\u00bbnone\u00a0\u00bb image_url=\u00a0\u00bb6404&Prime; box_color_opacity=\u00a0\u00bb0&Prime; box_alignment=\u00a0\u00bbleft\u00a0\u00bb border_radius=\u00a0\u00bbdefault\u00a0\u00bb image_loading=\u00a0\u00bbdefault\u00a0\u00bb min_height=\u00a0\u00bb450&Prime;][\/fancy_box][\/item][item simple_slider_bg_image_position=\u00a0\u00bbdefault\u00a0\u00bb simple_slider_overlay_strength=\u00a0\u00bb0.3&Prime; title=\u00a0\u00bb\u00c9l\u00e9ment\u00a0\u00bb id=\u00a0\u00bb1663521963297-7&Prime; tab_id=\u00a0\u00bb1663521963297-5&Prime;][fancy_box box_style=\u00a0\u00bbcolor_box_basic\u00a0\u00bb icon_family=\u00a0\u00bbnone\u00a0\u00bb image_url=\u00a0\u00bb6244&Prime; box_color_opacity=\u00a0\u00bb0&Prime; box_alignment=\u00a0\u00bbleft\u00a0\u00bb border_radius=\u00a0\u00bbdefault\u00a0\u00bb image_loading=\u00a0\u00bbdefault\u00a0\u00bb min_height=\u00a0\u00bb450&Prime;][\/fancy_box][\/item][\/carousel][vc_column_text]Nous savons proposer aux vendeurs VO qui le souhaitent un coffret de qualit\u00e9 \u00e0 leur propre marque.<\/p>\n<p>A partir de 10 pi\u00e8ces ![\/vc_column_text][\/vc_column][\/vc_row]\n","protected":false},"excerpt":{"rendered":"<p>[vc_row type=\u00a0\u00bbfull_width_background\u00a0\u00bb full_screen_row_position=\u00a0\u00bbmiddle\u00a0\u00bb column_margin=\u00a0\u00bbdefault\u00a0\u00bb column_direction=\u00a0\u00bbdefault\u00a0\u00bb column_direction_tablet=\u00a0\u00bbdefault\u00a0\u00bb column_direction_phone=\u00a0\u00bbdefault\u00a0\u00bb scene_position=\u00a0\u00bbcenter\u00a0\u00bb top_padding=\u00a0\u00bb12%\u00a0\u00bb text_color=\u00a0\u00bbdark\u00a0\u00bb text_align=\u00a0\u00bbleft\u00a0\u00bb row_border_radius=\u00a0\u00bbnone\u00a0\u00bb row_border_radius_applies=\u00a0\u00bbbg\u00a0\u00bb id=\u00a0\u00bbtestimonials\u00a0\u00bb overlay_strength=\u00a0\u00bb0.3&Prime; gradient_direction=\u00a0\u00bbleft_to_right\u00a0\u00bb shape_divider_position=\u00a0\u00bbbottom\u00a0\u00bb bg_image_animation=\u00a0\u00bbnone\u00a0\u00bb shape_type=\u00a0\u00bb\u00a0\u00bb][vc_column column_padding=\u00a0\u00bbno-extra-padding\u00a0\u00bb column_padding_tablet=\u00a0\u00bbinherit\u00a0\u00bb column_padding_phone=\u00a0\u00bbinherit\u00a0\u00bb column_padding_position=\u00a0\u00bball\u00a0\u00bb column_element_spacing=\u00a0\u00bbdefault\u00a0\u00bb background_color_opacity=\u00a0\u00bb1&Prime; background_hover_color_opacity=\u00a0\u00bb1&Prime; column_shadow=\u00a0\u00bbnone\u00a0\u00bb column_border_radius=\u00a0\u00bbnone\u00a0\u00bb column_link_target=\u00a0\u00bb_self\u00a0\u00bb gradient_direction=\u00a0\u00bbleft_to_right\u00a0\u00bb&#8230;<\/p>\n","protected":false},"author":1,"featured_media":0,"parent":0,"menu_order":0,"comment_status":"closed","ping_status":"closed","template":"","meta":{"_monsterinsights_skip_tracking":false,"_monsterinsights_sitenote_active":false,"_monsterinsights_sitenote_note":"","_monsterinsights_sitenote_category":0,"footnotes":""},"class_list":["post-6236","page","type-page","status-publish"],"aioseo_notices":[],"_links":{"self":[{"href":"https:\/\/www.spac83.com\/index.php\/wp-json\/wp\/v2\/pages\/6236","targetHints":{"allow":["GET"]}}],"collection":[{"href":"https:\/\/www.spac83.com\/index.php\/wp-json\/wp\/v2\/pages"}],"about":[{"href":"https:\/\/www.spac83.com\/index.php\/wp-json\/wp\/v2\/types\/page"}],"author":[{"embeddable":true,"href":"https:\/\/www.spac83.com\/index.php\/wp-json\/wp\/v2\/users\/1"}],"replies":[{"embeddable":true,"href":"https:\/\/www.spac83.com\/index.php\/wp-json\/wp\/v2\/comments?post=6236"}],"version-history":[{"count":55,"href":"https:\/\/www.spac83.com\/index.php\/wp-json\/wp\/v2\/pages\/6236\/revisions"}],"predecessor-version":[{"id":6676,"href":"https:\/\/www.spac83.com\/index.php\/wp-json\/wp\/v2\/pages\/6236\/revisions\/6676"}],"wp:attachment":[{"href":"https:\/\/www.spac83.com\/index.php\/wp-json\/wp\/v2\/media?parent=6236"}],"curies":[{"name":"wp","href":"https:\/\/api.w.org\/{rel}","templated":true}]}}